{"id":405,"date":"2023-07-09T19:44:09","date_gmt":"2023-07-09T18:44:09","guid":{"rendered":"https:\/\/szyma.art\/?page_id=405"},"modified":"2023-07-09T19:48:18","modified_gmt":"2023-07-09T18:48:18","slug":"blog-oschl","status":"publish","type":"page","link":"https:\/\/szyma.art\/index.php\/blog-oschl\/","title":{"rendered":"Blog Oschl"},"content":{"rendered":"<div data-colibri-id=\"405-c1\" class=\"style-385 style-local-405-c1 position-relative\">\n  <!---->\n  <div data-colibri-component=\"section\" data-colibri-id=\"405-c8\" id=\"custom\" class=\"h-section h-section-global-spacing d-flex align-items-lg-center align-items-md-center align-items-center style-392 style-local-405-c8 position-relative\">\n    <!---->\n    <!---->\n    <div class=\"h-section-grid-container h-section-boxed-container\">\n      <!---->\n      <div data-colibri-id=\"405-c9\" class=\"h-row-container gutters-row-lg-2 gutters-row-md-2 gutters-row-0 gutters-row-v-lg-2 gutters-row-v-md-2 gutters-row-v-2 style-393 style-local-405-c9 position-relative\">\n        <!---->\n        <div class=\"h-row justify-content-lg-center justify-content-md-center justify-content-center align-items-lg-stretch align-items-md-stretch align-items-stretch gutters-col-lg-2 gutters-col-md-2 gutters-col-0 gutters-col-v-lg-2 gutters-col-v-md-2 gutters-col-v-2\">\n          <!---->\n          <div class=\"h-column h-column-container d-flex h-col-lg-auto h-col-md-auto h-col-auto style-394-outer style-local-405-c10-outer\">\n            <div data-colibri-id=\"405-c10\" class=\"d-flex h-flex-basis h-column__inner h-px-lg-2 h-px-md-2 h-px-2 v-inner-lg-2 v-inner-md-2 v-inner-2 style-394 style-local-405-c10 position-relative\">\n              <!---->\n              <!---->\n              <div class=\"w-100 h-y-container h-column__content h-column__v-align flex-basis-100 align-self-lg-start align-self-md-start align-self-start\">\n                <!---->\n                <div data-colibri-id=\"405-c12\" class=\"h-text h-text-component style-396 style-local-405-c12 position-relative h-element\">\n                  <!---->\n                  <!---->\n                  <div class=\"\">\n                    <p>\u00d4d 2012 roku kludza blog z przek\u0142adami, feliet\u014dnami, podcastym i k\u014dnskami literackich tekst\u014dw. Kliknij na &#8222;oschl&#8221; i poczytej s\u014dm\/sama.\n                      <br>\n                    <\/p>\n                  <\/div>\n                <\/div>\n                <div data-colibri-id=\"405-c11\" class=\"d-block style-395 style-local-405-c11 position-relative h-element\">\n                  <!---->\n                  <div class=\"h-image__frame-container-outer\">\n                    <a href=\"https:\/\/oschl.wordpress.com\/\" h-use-smooth-scroll=\"true\" class=\"image-link\">\n                      <div class=\"h-image__frame-container\">\n                        <!---->\n                        <!---->\n                        <img loading=\"lazy\" decoding=\"async\" width=\"512\" height=\"506\" src=\"https:\/\/szyma.art\/wp-content\/uploads\/2023\/07\/cropped-logo2.webp\" class=\"wp-image-417 style-395-image style-local-405-c11-image\" alt=\"\" srcset=\"https:\/\/szyma.art\/wp-content\/uploads\/2023\/07\/cropped-logo2.webp 512w, https:\/\/szyma.art\/wp-content\/uploads\/2023\/07\/cropped-logo2-300x296.webp 300w\" sizes=\"(max-width: 512px) 100vw, 512px\" \/>\n                        <div class=\"h-image__frame h-hide-lg h-hide-md h-hide-sm style-395-frameImage style-local-405-c11-frameImage\"><\/div>\n                      <\/div>\n                    <\/a>\n                  <\/div>\n                <\/div>\n              <\/div>\n            <\/div>\n          <\/div>\n        <\/div>\n      <\/div>\n    <\/div>\n  <\/div>\n<\/div>","protected":false},"excerpt":{"rendered":"<p>\u00d4d 2012 roku kludza blog z przek\u0142adami, feliet\u014dnami, podcastym i k\u014dnskami literackich tekst\u014dw. Kliknij na &#8222;oschl&#8221; i poczytej s\u014dm\/sama.<\/p>\n","protected":false},"author":1,"featured_media":0,"parent":0,"menu_order":0,"comment_status":"closed","ping_status":"closed","template":"page-templates\/full-width-page.php","meta":{"footnotes":""},"class_list":["post-405","page","type-page","status-publish","hentry"],"_links":{"self":[{"href":"https:\/\/szyma.art\/index.php\/wp-json\/wp\/v2\/pages\/405"}],"collection":[{"href":"https:\/\/szyma.art\/index.php\/wp-json\/wp\/v2\/pages"}],"about":[{"href":"https:\/\/szyma.art\/index.php\/wp-json\/wp\/v2\/types\/page"}],"author":[{"embeddable":true,"href":"https:\/\/szyma.art\/index.php\/wp-json\/wp\/v2\/users\/1"}],"replies":[{"embeddable":true,"href":"https:\/\/szyma.art\/index.php\/wp-json\/wp\/v2\/comments?post=405"}],"version-history":[{"count":3,"href":"https:\/\/szyma.art\/index.php\/wp-json\/wp\/v2\/pages\/405\/revisions"}],"predecessor-version":[{"id":426,"href":"https:\/\/szyma.art\/index.php\/wp-json\/wp\/v2\/pages\/405\/revisions\/426"}],"wp:attachment":[{"href":"https:\/\/szyma.art\/index.php\/wp-json\/wp\/v2\/media?parent=405"}],"curies":[{"name":"wp","href":"https:\/\/api.w.org\/{rel}","templated":true}]}}