{"id":35,"date":"2022-02-20T20:16:54","date_gmt":"2022-02-20T19:16:54","guid":{"rendered":"https:\/\/szyma.art\/?page_id=35"},"modified":"2023-07-09T19:04:31","modified_gmt":"2023-07-09T18:04:31","slug":"english","status":"publish","type":"page","link":"https:\/\/szyma.art\/index.php\/english\/","title":{"rendered":"English"},"content":{"rendered":"<div data-colibri-id=\"35-c1\" class=\"style-361 style-local-35-c1 position-relative\">\n  <!---->\n  <div data-colibri-component=\"section\" data-colibri-id=\"35-c2\" id=\"custom\" class=\"h-section h-section-global-spacing d-flex align-items-lg-center align-items-md-center align-items-center style-362 style-local-35-c2 position-relative\">\n    <!---->\n    <!---->\n    <div class=\"h-section-grid-container h-section-boxed-container\">\n      <!---->\n      <div data-colibri-id=\"35-c3\" class=\"h-row-container gutters-row-lg-2 gutters-row-md-2 gutters-row-0 gutters-row-v-lg-2 gutters-row-v-md-2 gutters-row-v-2 style-367 style-local-35-c3 position-relative\">\n        <!---->\n        <div class=\"h-row justify-content-lg-center justify-content-md-center justify-content-center align-items-lg-stretch align-items-md-stretch align-items-stretch gutters-col-lg-2 gutters-col-md-2 gutters-col-0 gutters-col-v-lg-2 gutters-col-v-md-2 gutters-col-v-2\">\n          <!---->\n          <div class=\"h-column h-column-container d-flex h-col-lg-auto h-col-md-auto h-col-auto style-368-outer style-local-35-c4-outer\">\n            <div data-colibri-id=\"35-c4\" class=\"d-flex h-flex-basis h-column__inner h-px-lg-2 h-px-md-2 h-px-2 v-inner-lg-2 v-inner-md-2 v-inner-2 style-368 style-local-35-c4 position-relative\">\n              <!---->\n              <!---->\n              <div class=\"w-100 h-y-container h-column__content h-column__v-align flex-basis-100 align-self-lg-start align-self-md-start align-self-start\">\n                <!---->\n                <div data-colibri-id=\"35-c5\" class=\"h-text h-text-component style-369 style-local-35-c5 position-relative h-element\">\n                  <!---->\n                  <!---->\n                  <div class=\"\">\n                    <p>I am a translator, writer, and Silesian activist. I am the author of &#8222;Leanderka,&#8221; a collection of short novels in Silesian, and I have translated Astrid Lindgren&#8217;s &#8222;Pippi Longstocking.&#8221; As a software translator, I have contributed\n                      to projects such as the Silesian locale for Firefox and the Silesian locale for Android on Samsung devices.<\/p>\n                  <\/div>\n                <\/div>\n              <\/div>\n            <\/div>\n          <\/div>\n        <\/div>\n      <\/div>\n      <div data-colibri-id=\"35-c6\" class=\"h-row-container gutters-row-lg-2 gutters-row-md-2 gutters-row-0 gutters-row-v-lg-2 gutters-row-v-md-2 gutters-row-v-2 style-363 style-local-35-c6 position-relative\">\n        <!---->\n        <div class=\"h-row justify-content-lg-center justify-content-md-center justify-content-center align-items-lg-stretch align-items-md-stretch align-items-stretch gutters-col-lg-2 gutters-col-md-2 gutters-col-0 gutters-col-v-lg-2 gutters-col-v-md-2 gutters-col-v-2\">\n          <!---->\n          <div class=\"h-column h-column-container d-flex h-col-lg-auto h-col-md-auto h-col-auto style-364-outer style-local-35-c7-outer\">\n            <div data-colibri-id=\"35-c7\" class=\"d-flex h-flex-basis h-column__inner h-px-lg-2 h-px-md-2 h-px-2 v-inner-lg-2 v-inner-md-2 v-inner-2 style-364 style-local-35-c7 position-relative\">\n              <!---->\n              <!---->\n              <div class=\"w-100 h-y-container h-column__content h-column__v-align flex-basis-100 align-self-lg-start align-self-md-start align-self-start\">\n                <!---->\n                <div data-colibri-id=\"35-c8\" class=\"h-text h-text-component style-365 style-local-35-c8 position-relative h-element\">\n                  <!---->\n                  <!---->\n                  <div class=\"\">\n                    <h4>A r\u00e9sum\u00e9 of my Silesian works:<\/h4>\n                    <h5>Software translations<\/h5>\n                    <ul>\n                      <li>Silesian translation of Firefox Web Browser &amp; Firefox Mobile Browser \u2013 the main translator<\/li>\n                      <li>Android Operating System for Samsung \u2013 translating team member<\/li>\n                      <li>Silesian localisation of Canva platform and application \u2013 translating team member<\/li>\n                      <li>Silesian translation of carsharing application Traficar \u2013 translating team member<\/li>\n                      <li>Localizations for the clients of Moravia IT \u2013 translating team member<\/li>\n                    <\/ul>\n                    <h5>Other Silesian translations<\/h5>\n                    <ul>\n                      <li>Janosch \u2013 Oh, wie sch\u00f6n ist Panama<\/li>\n                      <li>Astrid Lindgren \u2013 Pippi L\u00e5ngstrump<\/li>\n                      <li>J.R.R. Martin \u2013 Game of Thrones (a fan translation, chapter)<\/li>\n                      <li>L. Frank Baum \u2013 The Wonderful Wizard of Oz (in translation)<\/li>\n                      <li>Press texts (An interview with Carles Puigdemont, a Greta Thunberg\u2019s speech, etc.)<\/li>\n                      <li>Songs texts (Gloria Gaynor, Manowar, Talking Heads, etc.)<\/li>\n                      <li>Various articles translation for Wachtyrz.eu<\/li>\n                    <\/ul>\n                    <h5>Silesian Editing<\/h5>\n                    <ul>\n                      <li>3 year experience of editing Silesian articles published at Wachtyrz.eu<\/li>\n                      <li>K\u014dmisorz Hanusik vol 1-3 \u2013 crime novels in Silesian<\/li>\n                      <li>Silesia Noir \u2013 a crime novel in Silesian<\/li>\n                      <li>Zaginione Per\u0142y Ksi\u0119\u017cnej Daisy \u2013 a children book<\/li>\n                    <\/ul>\n                    <h5>Media and social media experience<\/h5>\n                    <ul>\n                      <li>Wachtyrz.eu \u2013 co-founding the Silesian regional web portal, co-running it\u2019s facebook fan page<\/li>\n                      <li>oschl.wordpress.com \u2013 a personal blog in Silesian founded in 2012<\/li>\n                      <li>@szymarafal \u2013 twitter account focused on Silesian language, culture, and society<\/li>\n                      <li>Zplanety.si, SilNN Podcast \u2013 culture-oriented podcasts in Silesian<\/li>\n                    <\/ul>\n                    <h5>Educational initiatives<\/h5>\n                    <ul>\n                      <li>A pioneer Silesian language e-course \u2013 co-creator<\/li>\n                      <li>A series of meetings with Silesian dedicated for school children<\/li>\n                      <li>Regional lessons for children<\/li>\n                      <li>Series of Silesian-related educational articles published at Wachtyrz.eu<\/li>\n                      <li>A series of meetings with Silesian authors \u2013 organizer, host<\/li>\n                      <li>Children lessons\u2014a part of Summer in the City initiative by Ateneum Theatre<\/li>\n                    <\/ul>\n                    <h5>Creative writing<\/h5>\n                    <ul>\n                      <li>Leanderka\u2014short stories book<\/li>\n                      <li>Bojka \u00f4 p\u0142aczkach \u00f4d utopca (A Story of Utopiec\u2019s Tears) \u2013 children story<\/li>\n                      <li>Bojka \u00f4 Lucce i chopku z klock\u014dw (A Story of Lucy and a Brick Man), published in Czytej bajtl\u014dm ko\u017cdy dziy\u0144<\/li>\n                    <\/ul>\n                  <\/div>\n                <\/div>\n                <div data-colibri-id=\"35-c9\" class=\"d-block style-370 style-local-35-c9 position-relative h-element\">\n                  <!---->\n                  <div class=\"h-image__frame-container-outer\">\n                    <div class=\"h-image__frame-container\">\n                      <!---->\n                      <!---->\n                      <img loading=\"lazy\" decoding=\"async\" width=\"960\" height=\"548\" src=\"https:\/\/szyma.art\/wp-content\/uploads\/2023\/07\/225879564_2938992373085527_8048115578148728631_n.jpg\" class=\"wp-image-305 style-370-image style-local-35-c9-image\" alt=\"\" srcset=\"https:\/\/szyma.art\/wp-content\/uploads\/2023\/07\/225879564_2938992373085527_8048115578148728631_n.jpg 960w, https:\/\/szyma.art\/wp-content\/uploads\/2023\/07\/225879564_2938992373085527_8048115578148728631_n-300x171.jpg 300w, https:\/\/szyma.art\/wp-content\/uploads\/2023\/07\/225879564_2938992373085527_8048115578148728631_n-768x438.jpg 768w, https:\/\/szyma.art\/wp-content\/uploads\/2023\/07\/225879564_2938992373085527_8048115578148728631_n-600x343.jpg 600w\" sizes=\"(max-width: 960px) 100vw, 960px\" \/>\n                      <div class=\"h-image__frame h-hide-lg h-hide-md h-hide-sm style-370-frameImage style-local-35-c9-frameImage\"><\/div>\n                    <\/div>\n                  <\/div>\n                <\/div>\n              <\/div>\n            <\/div>\n          <\/div>\n        <\/div>\n      <\/div>\n    <\/div>\n  <\/div>\n<\/div>","protected":false},"excerpt":{"rendered":"<p>I am a translator, writer, and Silesian activist. I am the author of &#8222;Leanderka,&#8221; a collection of short novels in Silesian, and I have translated Astrid Lindgren&#8217;s &#8222;Pippi Longstocking.&#8221; As a software translator, I have contributed to projects such as the Silesian locale for Firefox and the Silesian locale for Android on Samsung devices. A [&hellip;]<\/p>\n","protected":false},"author":1,"featured_media":0,"parent":0,"menu_order":0,"comment_status":"closed","ping_status":"closed","template":"page-templates\/full-width-page.php","meta":{"footnotes":""},"class_list":["post-35","page","type-page","status-publish","hentry"],"_links":{"self":[{"href":"https:\/\/szyma.art\/index.php\/wp-json\/wp\/v2\/pages\/35"}],"collection":[{"href":"https:\/\/szyma.art\/index.php\/wp-json\/wp\/v2\/pages"}],"about":[{"href":"https:\/\/szyma.art\/index.php\/wp-json\/wp\/v2\/types\/page"}],"author":[{"embeddable":true,"href":"https:\/\/szyma.art\/index.php\/wp-json\/wp\/v2\/users\/1"}],"replies":[{"embeddable":true,"href":"https:\/\/szyma.art\/index.php\/wp-json\/wp\/v2\/comments?post=35"}],"version-history":[{"count":4,"href":"https:\/\/szyma.art\/index.php\/wp-json\/wp\/v2\/pages\/35\/revisions"}],"predecessor-version":[{"id":389,"href":"https:\/\/szyma.art\/index.php\/wp-json\/wp\/v2\/pages\/35\/revisions\/389"}],"wp:attachment":[{"href":"https:\/\/szyma.art\/index.php\/wp-json\/wp\/v2\/media?parent=35"}],"curies":[{"name":"wp","href":"https:\/\/api.w.org\/{rel}","templated":true}]}}