{"id":29,"date":"2022-02-20T20:15:18","date_gmt":"2022-02-20T19:15:18","guid":{"rendered":"https:\/\/szyma.art\/?page_id=29"},"modified":"2023-07-09T19:51:42","modified_gmt":"2023-07-09T18:51:42","slug":"o-mie","status":"publish","type":"page","link":"https:\/\/szyma.art\/index.php\/o-mie\/","title":{"rendered":"\u00d4 mie"},"content":{"rendered":"<div data-colibri-id=\"29-c1\" class=\"style-265 style-local-29-c1 position-relative\">\n  <!---->\n  <div data-colibri-component=\"section\" data-colibri-id=\"29-c2\" id=\"initial-content\" class=\"h-section h-section-global-spacing d-flex align-items-lg-center align-items-md-center align-items-center style-266 style-local-29-c2 position-relative\">\n    <!---->\n    <!---->\n    <div class=\"h-section-grid-container h-section-boxed-container\">\n      <!---->\n      <div data-colibri-id=\"29-c3\" class=\"h-row-container gutters-row-lg-2 gutters-row-md-2 gutters-row-0 gutters-row-v-lg-2 gutters-row-v-md-2 gutters-row-v-2 style-293 style-local-29-c3 position-relative\">\n        <!---->\n        <div class=\"h-row justify-content-lg-center justify-content-md-center justify-content-center align-items-lg-stretch align-items-md-stretch align-items-stretch gutters-col-lg-2 gutters-col-md-2 gutters-col-0 gutters-col-v-lg-2 gutters-col-v-md-2 gutters-col-v-2\">\n          <!---->\n          <div class=\"h-column h-column-container d-flex h-col-lg-auto h-col-md-auto h-col-auto style-294-outer style-local-29-c4-outer\">\n            <div data-colibri-id=\"29-c4\" class=\"d-flex h-flex-basis h-column__inner h-px-lg-2 h-px-md-2 h-px-2 v-inner-lg-2 v-inner-md-2 v-inner-2 style-294 style-local-29-c4 position-relative\">\n              <!---->\n              <!---->\n              <div class=\"w-100 h-y-container h-column__content h-column__v-align flex-basis-100 align-self-lg-start align-self-md-start align-self-start\">\n                <!---->\n                <div data-colibri-id=\"29-c5\" class=\"h-text h-text-component style-296 style-local-29-c5 position-relative h-element\">\n                  <!---->\n                  <!---->\n                  <div class=\"\">\n                    <p><strong>Rafa\u0142 Szyma<\/strong> \u2013 Tumacz, pisorz, popularyzat\u014dr \u015bl\u014dnskij mowy. Aut\u014dr t\u014dmu \u00f4zprowek \u201eLeanderki\u201d a tumacz &#8222;Pippi L\u00e5ngstrump&#8221; \u00f4d Astrid Lindgren. Na \u015bl\u014dnski kr\u014dm literatury przek\u0142odo ty\u017c \u00f4programowanie (mobilniokowy systym\n                      \u00f4peracyjny, aplikacyje Firefox i in.).<\/p>\n                    <p>Na nasza godka przek\u0142od\u014dm s\u014dm abo z kamratami (bi\u014dro przek\u0142ad\u014dw\n                      <a href=\"http:\/\/ponaszymu.pl\" class=\"customize-unpreviewable\">P\u014d Naszymu<\/a>,\n                      <a href=\"http:\/\/silesiana.org\" class=\"customize-unpreviewable\">Pro Loquela Silesiana<\/a>,\n                      <a href=\"http:\/\/silling.org\" class=\"customize-unpreviewable\">Silling<\/a>). P\u014dmog\u014dm ty\u017c graficznie i redakt\u014drsko\n                      <a href=\"http:\/\/www.silesiaprogress.com\" class=\"customize-unpreviewable\">Silesia Progress<\/a> przi wydowaniu ksi\u014dn\u017cek (m.in. seryjo Canon Silesiae, r\u014dmany \u00f4 K\u014dmisorzu Hanusiku, seryjo z B\u014dmb\u014dnym).<\/p>\n                  <\/div>\n                <\/div>\n              <\/div>\n            <\/div>\n          <\/div>\n        <\/div>\n      <\/div>\n      <div data-colibri-id=\"29-c6\" class=\"h-row-container gutters-row-lg-2 gutters-row-md-2 gutters-row-0 gutters-row-v-lg-2 gutters-row-v-md-2 gutters-row-v-2 style-267 style-local-29-c6 position-relative\">\n        <!---->\n        <div class=\"h-row justify-content-lg-center justify-content-md-center justify-content-center align-items-lg-stretch align-items-md-stretch align-items-stretch gutters-col-lg-2 gutters-col-md-2 gutters-col-0 gutters-col-v-lg-2 gutters-col-v-md-2 gutters-col-v-2\">\n          <!---->\n          <div class=\"h-column h-column-container d-flex h-col-lg-auto h-col-md-auto h-col-auto style-268-outer style-local-29-c7-outer\">\n            <div data-colibri-id=\"29-c7\" class=\"d-flex h-flex-basis h-column__inner h-px-lg-2 h-px-md-2 h-px-2 v-inner-lg-2 v-inner-md-2 v-inner-2 style-268 style-local-29-c7 position-relative\">\n              <!---->\n              <!---->\n              <div class=\"w-100 h-y-container h-column__content h-column__v-align flex-basis-100 align-self-lg-start align-self-md-start align-self-start\">\n                <!---->\n                <div data-colibri-id=\"29-c8\" class=\"h-global-transition-all h-heading style-272 style-local-29-c8 position-relative h-element\">\n                  <!---->\n                  <div class=\"h-heading__outer style-272 style-local-29-c8\">\n                    <!---->\n                    <!---->\n                    <h3 class=\"\">Portfolio<\/h3>\n                  <\/div>\n                <\/div>\n                <div data-colibri-id=\"29-c9\" class=\"h-text h-text-component style-271 style-local-29-c9 position-relative h-element\">\n                  <!---->\n                  <!---->\n                  <div class=\"\">\n                    <h4>\u015al\u014dnski przek\u0142od &#8211; programy\n                      <br>\n                    <\/h4>\n                    <ul>\n                      <li>\u015al\u014dnski przek\u0142od aplikacyje Firefox Web Browser a Firefox Mobile Browser \u2013 g\u0142\u014dwny tumacz\n                        <br>\n                      <\/li>\n                      <li>Systym \u00f4peracyjny Android do maszin&nbsp;Samsung \u2013 we grupie tumaczy\n                        <br>\n                      <\/li>\n                      <li>\u015al\u014dnsko wersyjo platf\u014drmy i aplikacyje Canva platform \u2013 we grupie tumaczy<\/li>\n                      <li>\u015al\u014dnsko wersyjo aplikacyje Traficar \u2013 we grupie tumaczy<\/li>\n                      <li>\u015al\u014dnsko lokalizacyjo do klijynt\u014dw \u00f4d Moravia IT \u2013 we grupie tumaczy<\/li>\n                    <\/ul>\n                    <h5>\u015al\u014dnskie przek\u0142ady literatury i in.\n                      <br>\n                    <\/h5>\n                    <ul>\n                      <li>Janosch \u2013 Oh, wie sch\u00f6n ist Panama<\/li>\n                      <li>Astrid Lindgren \u2013 Pippi L\u00e5ngstrump<\/li>\n                      <li>J.R.R. Martin \u2013 Game of Thrones (rozdzio\u0142, fanowski przek\u0142od)<\/li>\n                      <li>L. Frank Baum \u2013 The Wonderful Wizard of Oz (trwo, fanowski przek\u0142od)<\/li>\n                      <li>Prasowe teksty (Wywiad ze&nbsp;Carlesym Puigdemontym, przem\u014dwiynie \u00f4d&nbsp;Grety Thunberg, itp.)<\/li>\n                      <li>Teksty ze \u015bpiywek (Gloria Gaynor, Manowar, Talking Heads, itp.)<\/li>\n                      <li>Przek\u0142ady artyku\u0142\u014dw do serwisu Wachtyrz.eu<\/li>\n                    <\/ul>\n                    <h5>\u015al\u014dnsko redakcyjo\n                      <br>\n                    <\/h5>\n                    <ul>\n                      <li>3 lata do\u015bwiadczynio redakcyje artyku\u0142\u014dw po \u015bl\u014dnsku w serwisie Wachtyrz.eu<\/li>\n                      <li>K\u014dmisorz Hanusik t\u014dmy 1-3 \u2013kryminalne r\u014dmany po \u015bl\u014dnsku\n                        <br>\n                      <\/li>\n                      <li>Silesia Noir \u2013 kryminalny r\u014dman po \u015bl\u014dnsku<\/li>\n                      <li>Zaginione Per\u0142y Ksi\u0119\u017cnej Daisy \u2013 ksi\u014dn\u017cka do dziecek po polsku i po \u015bl\u014dnsku\n                        <br>\n                      <\/li>\n                    <\/ul>\n                    <h5>Media a social media<\/h5>\n                    <ul>\n                      <li>Wachtyrz.eu \u2013 sp\u014d\u0142za\u0142o\u017cyciel serwisu, dziynnikorz\n                        <br>\n                      <\/li>\n                      <li>oschl.wordpress.com \u2013 \u00f4sobisty blog za\u0142o\u017c\u014dny we 2012 roku\n                        <br>\n                      <\/li>\n                      <li>@szymarafal \u2013 k\u014dnto na Twittrze, \u015bl\u014dnsko kultura, godka i bozny\n                        <br>\n                      <\/li>\n                      <li>Zplanety.si, SilNN Podcast \u2013 podcasty po \u015bl\u014dnsku\n                        <br>\n                      <\/li>\n                    <\/ul>\n                    <h5>Popularyzacyjo \u015bl\u014dnskij godki\n                      <br>\n                    <\/h5>\n                    <ul>\n                      <li>Pionierski kurs \u015bl\u014dnskij godki \u2013 we grupie tw\u014drc\u014dw ze bi\u014dra ponaszymu.pl\n                        <br>\n                      <\/li>\n                      <li>Trefy a werksztele \u00f4 \u015bl\u014dnskij godce do dziecek<\/li>\n                      <li>Lekcyje regi\u014dnalne\n                        <br>\n                      <\/li>\n                      <li>Seryjo artyku\u0142\u014dw \u00f4 \u015bl\u014dnskij godce i kulturze we serwisie Wachtyrz.eu\n                        <br>\n                      <\/li>\n                      <li>Trefy ze tw\u014drcami &#8211; \u00f4rganizat\u014dr, gospodorz<\/li>\n                      <li>Aut\u014drskie trefy<\/li>\n                    <\/ul>\n                    <h5>Literatura<\/h5>\n                    <ul>\n                      <li>Leanderka \u2013 t\u014dm \u00f4zprowek\n                        <br>\n                      <\/li>\n                      <li>Bojka \u00f4 p\u0142aczkach \u00f4d utopca \u2013 bojka do dziecek<\/li>\n                      <li>Bojka \u00f4 Lucce i chopku z klock\u014dw, we: Czytej bajtl\u014dm ko\u017cdy dziy\u0144 \u2013 bojka do dziecek<\/li>\n                    <\/ul>\n                  <\/div>\n                <\/div>\n                <div data-colibri-id=\"29-c10\" class=\"d-block style-366 style-local-29-c10 position-relative h-element\">\n                  <!---->\n                  <div class=\"h-image__frame-container-outer\">\n                    <div class=\"h-image__frame-container\">\n                      <!---->\n                      <!---->\n                      <img loading=\"lazy\" decoding=\"async\" width=\"960\" height=\"548\" src=\"https:\/\/szyma.art\/wp-content\/uploads\/2023\/07\/225879564_2938992373085527_8048115578148728631_n.jpg\" class=\"wp-image-305 style-366-image style-local-29-c10-image\" alt=\"\" srcset=\"https:\/\/szyma.art\/wp-content\/uploads\/2023\/07\/225879564_2938992373085527_8048115578148728631_n.jpg 960w, https:\/\/szyma.art\/wp-content\/uploads\/2023\/07\/225879564_2938992373085527_8048115578148728631_n-300x171.jpg 300w, https:\/\/szyma.art\/wp-content\/uploads\/2023\/07\/225879564_2938992373085527_8048115578148728631_n-768x438.jpg 768w, https:\/\/szyma.art\/wp-content\/uploads\/2023\/07\/225879564_2938992373085527_8048115578148728631_n-600x343.jpg 600w\" sizes=\"(max-width: 960px) 100vw, 960px\" \/>\n                      <div class=\"h-image__frame h-hide-lg h-hide-md h-hide-sm style-366-frameImage style-local-29-c10-frameImage\"><\/div>\n                    <\/div>\n                  <\/div>\n                <\/div>\n              <\/div>\n            <\/div>\n          <\/div>\n        <\/div>\n      <\/div>\n    <\/div>\n  <\/div>\n<\/div>","protected":false},"excerpt":{"rendered":"<p>Rafa\u0142 Szyma \u2013 Tumacz, pisorz, popularyzat\u014dr \u015bl\u014dnskij mowy. Aut\u014dr t\u014dmu \u00f4zprowek \u201eLeanderki\u201d a tumacz &#8222;Pippi L\u00e5ngstrump&#8221; \u00f4d Astrid Lindgren. Na \u015bl\u014dnski kr\u014dm literatury przek\u0142odo ty\u017c \u00f4programowanie (mobilniokowy systym \u00f4peracyjny, aplikacyje Firefox i in.). Na nasza godka przek\u0142od\u014dm s\u014dm abo z kamratami (bi\u014dro przek\u0142ad\u014dw P\u014d Naszymu, Pro Loquela Silesiana, Silling). P\u014dmog\u014dm ty\u017c graficznie i redakt\u014drsko Silesia [&hellip;]<\/p>\n","protected":false},"author":1,"featured_media":0,"parent":0,"menu_order":0,"comment_status":"closed","ping_status":"closed","template":"page-templates\/full-width-page.php","meta":{"footnotes":""},"class_list":["post-29","page","type-page","status-publish","hentry"],"_links":{"self":[{"href":"https:\/\/szyma.art\/index.php\/wp-json\/wp\/v2\/pages\/29"}],"collection":[{"href":"https:\/\/szyma.art\/index.php\/wp-json\/wp\/v2\/pages"}],"about":[{"href":"https:\/\/szyma.art\/index.php\/wp-json\/wp\/v2\/types\/page"}],"author":[{"embeddable":true,"href":"https:\/\/szyma.art\/index.php\/wp-json\/wp\/v2\/users\/1"}],"replies":[{"embeddable":true,"href":"https:\/\/szyma.art\/index.php\/wp-json\/wp\/v2\/comments?post=29"}],"version-history":[{"count":10,"href":"https:\/\/szyma.art\/index.php\/wp-json\/wp\/v2\/pages\/29\/revisions"}],"predecessor-version":[{"id":440,"href":"https:\/\/szyma.art\/index.php\/wp-json\/wp\/v2\/pages\/29\/revisions\/440"}],"wp:attachment":[{"href":"https:\/\/szyma.art\/index.php\/wp-json\/wp\/v2\/media?parent=29"}],"curies":[{"name":"wp","href":"https:\/\/api.w.org\/{rel}","templated":true}]}}